{"id":5308,"date":"2026-02-05T12:51:44","date_gmt":"2026-02-05T11:51:44","guid":{"rendered":"https:\/\/turomas.com\/?page_id=5308"},"modified":"2026-03-27T09:27:02","modified_gmt":"2026-03-27T08:27:02","slug":"danke-konfigurator","status":"publish","type":"page","link":"https:\/\/turomas.com\/de\/danke-konfigurator\/","title":{"rendered":"Gracias &#8211; Configurador"},"content":{"rendered":"\n\t<section class=\"section step-form-section\" id=\"section_1473009788\">\n\t\t<div class=\"section-bg fill\" >\n\t\t\t\t\t\t\t\t\t\n\t\t\t\n\n\t\t<\/div>\n\n\t\t\n\n\t\t<div class=\"section-content relative\">\n\t\t\t\n<div class=\"row\"  id=\"row-551737202\">\n\n\t<div id=\"col-1224071563\" class=\"col medium-6 small-12 large-6\"  >\n\t\t\t\t<div class=\"col-inner\"  >\n\t\t\t\n\t\t\t\n\t<div id=\"text-2496233078\" class=\"text fw-200 txt-m-0 pretitle\">\n\t\t\n<p>TUROMAS<br \/>\n\t\t\n<style>\n#text-2496233078 {\n  font-size: 1.25rem;\n}\n<\/style>\n\t<\/div>\n\t\n\t<div id=\"gap-1437744286\" class=\"gap-element clearfix\" style=\"display:block; height:auto;\">\n\t\t\n<style>\n#gap-1437744286 {\n  padding-top: 7px;\n}\n<\/style>\n\t<\/div>\n\t\n\t<div id=\"text-500023640\" class=\"text txt-m-0\">\n\t\t\n<h2>Vielen Dank dass Sie den Konfigurator ausgef\u00fcllt haben<\/h2>\n\t\t\n<style>\n#text-500023640 {\n  font-size: 3.5rem;\n  line-height: 1.2;\n  color: #7c7c7c;\n}\n#text-500023640 > * {\n  color: #7c7c7c;\n}\n<\/style>\n\t<\/div>\n\t\n\t<div id=\"gap-1073481930\" class=\"gap-element clearfix\" style=\"display:block; height:auto;\">\n\t\t\n<style>\n#gap-1073481930 {\n  padding-top: 30px;\n}\n<\/style>\n\t<\/div>\n\t\n<div class=\"is-divider divider clearfix\" style=\"margin-top:0px;margin-bottom:0px;max-width:80px;height:4px;background-color:rgb(237, 129, 24);\"><\/div>\n\t<div id=\"gap-469857788\" class=\"gap-element clearfix\" style=\"display:block; height:auto;\">\n\t\t\n<style>\n#gap-469857788 {\n  padding-top: 30px;\n}\n<\/style>\n\t<\/div>\n\t\n\t<div id=\"text-1691576948\" class=\"text fw-300\">\n\t\t\n<p>Wir melden uns in K\u00fcrze bei dir, um dir die beste L\u00f6sung f\u00fcr deine Bed\u00fcrfnisse anzubieten.<\/p>\n<p>In der Zwischenzeit kannst du dich weiter auf unserer Website umsehen.<\/p>\n\t\t\n<style>\n#text-1691576948 {\n  font-size: 1.125rem;\n  line-height: 1.3;\n}\n<\/style>\n\t<\/div>\n\t\n\t<div id=\"gap-791724175\" class=\"gap-element clearfix\" style=\"display:block; height:auto;\">\n\t\t\n<style>\n#gap-791724175 {\n  padding-top: 30px;\n}\n<\/style>\n\t<\/div>\n\t\n<a href=\"\/de\/\" class=\"button primary is-outline has-icon\" >\n\t\t<span>ZUR\u00dcCK ZUR WEBSITE<\/span>\n\t<\/a>\n\n\t\t<\/div>\n\t\t\t\t\n<style>\n#col-1224071563 > .col-inner {\n  padding: 0px 0px 0px 0px;\n}\n<\/style>\n\t<\/div>\n\n\t\n<\/div>\n\t\t<\/div>\n\n\t\t\n<style>\n#section_1473009788 {\n  padding-top: 30px;\n  padding-bottom: 30px;\n  min-height: 80vh;\n}\n<\/style>\n\t<\/section>\n\t\n","protected":false},"excerpt":{"rendered":"","protected":false},"author":1,"featured_media":0,"parent":0,"menu_order":0,"comment_status":"closed","ping_status":"closed","template":"","meta":{"_acf_changed":false,"footnotes":""},"class_list":["post-5308","page","type-page","status-publish","hentry"],"acf":[],"yoast_head":"<!-- This site is optimized with the Yoast SEO plugin v27.5 - https:\/\/yoast.com\/product\/yoast-seo-wordpress\/ -->\n<title>Gracias - Configurador - Turomas DE<\/title>\n<meta name=\"robots\" content=\"index, follow, max-snippet:-1, max-image-preview:large, max-video-preview:-1\" \/>\n<link rel=\"canonical\" href=\"https:\/\/turomas.com\/de\/danke-konfigurator\/\" \/>\n<meta property=\"og:locale\" content=\"de_DE\" \/>\n<meta property=\"og:type\" content=\"article\" \/>\n<meta property=\"og:title\" content=\"Gracias - Configurador - Turomas DE\" \/>\n<meta property=\"og:url\" content=\"https:\/\/turomas.com\/de\/danke-konfigurator\/\" \/>\n<meta property=\"og:site_name\" content=\"Turomas DE\" \/>\n<meta property=\"article:modified_time\" content=\"2026-03-27T08:27:02+00:00\" \/>\n<meta name=\"twitter:card\" content=\"summary_large_image\" \/>\n<meta name=\"twitter:label1\" content=\"Gesch\u00e4tzte Lesezeit\" \/>\n\t<meta name=\"twitter:data1\" content=\"1\u00a0Minute\" \/>\n<script type=\"application\/ld+json\" class=\"yoast-schema-graph\">{\"@context\":\"https:\\\/\\\/schema.org\",\"@graph\":[{\"@type\":\"WebPage\",\"@id\":\"https:\\\/\\\/turomas.com\\\/de\\\/danke-konfigurator\\\/\",\"url\":\"https:\\\/\\\/turomas.com\\\/de\\\/danke-konfigurator\\\/\",\"name\":\"Gracias - Configurador - Turomas DE\",\"isPartOf\":{\"@id\":\"https:\\\/\\\/turomas.com\\\/de\\\/#website\"},\"datePublished\":\"2026-02-05T11:51:44+00:00\",\"dateModified\":\"2026-03-27T08:27:02+00:00\",\"breadcrumb\":{\"@id\":\"https:\\\/\\\/turomas.com\\\/de\\\/danke-konfigurator\\\/#breadcrumb\"},\"inLanguage\":\"de\",\"potentialAction\":[{\"@type\":\"ReadAction\",\"target\":[\"https:\\\/\\\/turomas.com\\\/de\\\/danke-konfigurator\\\/\"]}]},{\"@type\":\"BreadcrumbList\",\"@id\":\"https:\\\/\\\/turomas.com\\\/de\\\/danke-konfigurator\\\/#breadcrumb\",\"itemListElement\":[{\"@type\":\"ListItem\",\"position\":1,\"name\":\"Portada\",\"item\":\"https:\\\/\\\/turomas.com\\\/de\\\/\"},{\"@type\":\"ListItem\",\"position\":2,\"name\":\"Gracias &#8211; Configurador\"}]},{\"@type\":\"WebSite\",\"@id\":\"https:\\\/\\\/turomas.com\\\/de\\\/#website\",\"url\":\"https:\\\/\\\/turomas.com\\\/de\\\/\",\"name\":\"Turomas DE\",\"description\":\"\",\"publisher\":{\"@id\":\"https:\\\/\\\/turomas.com\\\/de\\\/#organization\"},\"potentialAction\":[{\"@type\":\"SearchAction\",\"target\":{\"@type\":\"EntryPoint\",\"urlTemplate\":\"https:\\\/\\\/turomas.com\\\/de\\\/?s={search_term_string}\"},\"query-input\":{\"@type\":\"PropertyValueSpecification\",\"valueRequired\":true,\"valueName\":\"search_term_string\"}}],\"inLanguage\":\"de\"},{\"@type\":\"Organization\",\"@id\":\"https:\\\/\\\/turomas.com\\\/de\\\/#organization\",\"name\":\"Turomas DE\",\"url\":\"https:\\\/\\\/turomas.com\\\/de\\\/\",\"logo\":{\"@type\":\"ImageObject\",\"inLanguage\":\"de\",\"@id\":\"https:\\\/\\\/turomas.com\\\/de\\\/#\\\/schema\\\/logo\\\/image\\\/\",\"url\":\"https:\\\/\\\/turomas.com\\\/de\\\/wp-content\\\/uploads\\\/2025\\\/07\\\/logo-turomas-header-3.svg\",\"contentUrl\":\"https:\\\/\\\/turomas.com\\\/de\\\/wp-content\\\/uploads\\\/2025\\\/07\\\/logo-turomas-header-3.svg\",\"width\":1,\"height\":1,\"caption\":\"Turomas DE\"},\"image\":{\"@id\":\"https:\\\/\\\/turomas.com\\\/de\\\/#\\\/schema\\\/logo\\\/image\\\/\"}}]}<\/script>\n<!-- \/ Yoast SEO plugin. -->","yoast_head_json":{"title":"Gracias - Configurador - Turomas DE","robots":{"index":"index","follow":"follow","max-snippet":"max-snippet:-1","max-image-preview":"max-image-preview:large","max-video-preview":"max-video-preview:-1"},"canonical":"https:\/\/turomas.com\/de\/danke-konfigurator\/","og_locale":"de_DE","og_type":"article","og_title":"Gracias - Configurador - Turomas DE","og_url":"https:\/\/turomas.com\/de\/danke-konfigurator\/","og_site_name":"Turomas DE","article_modified_time":"2026-03-27T08:27:02+00:00","twitter_card":"summary_large_image","twitter_misc":{"Gesch\u00e4tzte Lesezeit":"1\u00a0Minute"},"schema":{"@context":"https:\/\/schema.org","@graph":[{"@type":"WebPage","@id":"https:\/\/turomas.com\/de\/danke-konfigurator\/","url":"https:\/\/turomas.com\/de\/danke-konfigurator\/","name":"Gracias - Configurador - Turomas DE","isPartOf":{"@id":"https:\/\/turomas.com\/de\/#website"},"datePublished":"2026-02-05T11:51:44+00:00","dateModified":"2026-03-27T08:27:02+00:00","breadcrumb":{"@id":"https:\/\/turomas.com\/de\/danke-konfigurator\/#breadcrumb"},"inLanguage":"de","potentialAction":[{"@type":"ReadAction","target":["https:\/\/turomas.com\/de\/danke-konfigurator\/"]}]},{"@type":"BreadcrumbList","@id":"https:\/\/turomas.com\/de\/danke-konfigurator\/#breadcrumb","itemListElement":[{"@type":"ListItem","position":1,"name":"Portada","item":"https:\/\/turomas.com\/de\/"},{"@type":"ListItem","position":2,"name":"Gracias &#8211; Configurador"}]},{"@type":"WebSite","@id":"https:\/\/turomas.com\/de\/#website","url":"https:\/\/turomas.com\/de\/","name":"Turomas DE","description":"","publisher":{"@id":"https:\/\/turomas.com\/de\/#organization"},"potentialAction":[{"@type":"SearchAction","target":{"@type":"EntryPoint","urlTemplate":"https:\/\/turomas.com\/de\/?s={search_term_string}"},"query-input":{"@type":"PropertyValueSpecification","valueRequired":true,"valueName":"search_term_string"}}],"inLanguage":"de"},{"@type":"Organization","@id":"https:\/\/turomas.com\/de\/#organization","name":"Turomas DE","url":"https:\/\/turomas.com\/de\/","logo":{"@type":"ImageObject","inLanguage":"de","@id":"https:\/\/turomas.com\/de\/#\/schema\/logo\/image\/","url":"https:\/\/turomas.com\/de\/wp-content\/uploads\/2025\/07\/logo-turomas-header-3.svg","contentUrl":"https:\/\/turomas.com\/de\/wp-content\/uploads\/2025\/07\/logo-turomas-header-3.svg","width":1,"height":1,"caption":"Turomas DE"},"image":{"@id":"https:\/\/turomas.com\/de\/#\/schema\/logo\/image\/"}}]}},"_links":{"self":[{"href":"https:\/\/turomas.com\/de\/wp-json\/wp\/v2\/pages\/5308","targetHints":{"allow":["GET"]}}],"collection":[{"href":"https:\/\/turomas.com\/de\/wp-json\/wp\/v2\/pages"}],"about":[{"href":"https:\/\/turomas.com\/de\/wp-json\/wp\/v2\/types\/page"}],"author":[{"embeddable":true,"href":"https:\/\/turomas.com\/de\/wp-json\/wp\/v2\/users\/1"}],"replies":[{"embeddable":true,"href":"https:\/\/turomas.com\/de\/wp-json\/wp\/v2\/comments?post=5308"}],"version-history":[{"count":3,"href":"https:\/\/turomas.com\/de\/wp-json\/wp\/v2\/pages\/5308\/revisions"}],"predecessor-version":[{"id":5982,"href":"https:\/\/turomas.com\/de\/wp-json\/wp\/v2\/pages\/5308\/revisions\/5982"}],"wp:attachment":[{"href":"https:\/\/turomas.com\/de\/wp-json\/wp\/v2\/media?parent=5308"}],"curies":[{"name":"wp","href":"https:\/\/api.w.org\/{rel}","templated":true}]}}