{"id":6812,"date":"2026-05-11T09:10:30","date_gmt":"2026-05-11T07:10:30","guid":{"rendered":"https:\/\/turomas.com\/de\/?page_id=6812"},"modified":"2026-05-11T09:15:45","modified_gmt":"2026-05-11T07:15:45","slug":"wartung","status":"publish","type":"page","link":"https:\/\/turomas.com\/de\/wartung\/","title":{"rendered":"Wartung"},"content":{"rendered":"\n\t<section class=\"section\" id=\"section_945609132\">\n\t\t<div class=\"section-bg fill\" >\n\t\t\t\t\t\t\t\t\t\n\t\t\t\n\n\t\t<\/div>\n\n\t\t\n\n\t\t<div class=\"section-content relative\">\n\t\t\t\n<div class=\"row\" style=\"max-width:800px\" id=\"row-347845826\">\n\n\t<div id=\"col-429428006\" class=\"col small-12 large-12\"  >\n\t\t\t\t<div class=\"col-inner\"  >\n\t\t\t\n\t\t\t\n\t<div id=\"text-2943846741\" class=\"text txt-m-0 balance\">\n\t\t\n<p>Wir f\u00fchren derzeit Wartungsarbeiten an der Website durch. Wir bitten um Entschuldigung f\u00fcr die Unannehmlichkeiten. In K\u00fcrze sind wir wieder erreichbar.s<\/p>\n\t\t\n<style>\n#text-2943846741 {\n  font-size: 2rem;\n  line-height: 1.3;\n  text-align: center;\n  color: rgb(237, 129, 24);\n}\n#text-2943846741 > * {\n  color: rgb(237, 129, 24);\n}\n<\/style>\n\t<\/div>\n\t\n\t\t<\/div>\n\t\t\t\t\t<\/div>\n\n\t\n<\/div>\n\t\t<\/div>\n\n\t\t\n<style>\n#section_945609132 {\n  padding-top: 0px;\n  padding-bottom: 0px;\n  min-height: 90vh;\n}\n<\/style>\n\t<\/section>\n\t\n","protected":false},"excerpt":{"rendered":"","protected":false},"author":1,"featured_media":0,"parent":0,"menu_order":0,"comment_status":"closed","ping_status":"closed","template":"","meta":{"_acf_changed":false,"footnotes":""},"class_list":["post-6812","page","type-page","status-publish","hentry"],"acf":[],"yoast_head":"<!-- This site is optimized with the Yoast SEO plugin v27.5 - https:\/\/yoast.com\/product\/yoast-seo-wordpress\/ -->\n<title>Wartung - Turomas DE<\/title>\n<meta name=\"robots\" content=\"index, follow, max-snippet:-1, max-image-preview:large, max-video-preview:-1\" \/>\n<link rel=\"canonical\" href=\"https:\/\/turomas.com\/de\/wartung\/\" \/>\n<meta property=\"og:locale\" content=\"de_DE\" \/>\n<meta property=\"og:type\" content=\"article\" \/>\n<meta property=\"og:title\" content=\"Wartung - Turomas DE\" \/>\n<meta property=\"og:url\" content=\"https:\/\/turomas.com\/de\/wartung\/\" \/>\n<meta property=\"og:site_name\" content=\"Turomas DE\" \/>\n<meta property=\"article:modified_time\" content=\"2026-05-11T07:15:45+00:00\" \/>\n<meta name=\"twitter:card\" content=\"summary_large_image\" \/>\n<meta name=\"twitter:label1\" content=\"Gesch\u00e4tzte Lesezeit\" \/>\n\t<meta name=\"twitter:data1\" content=\"1\u00a0Minute\" \/>\n<script type=\"application\/ld+json\" class=\"yoast-schema-graph\">{\"@context\":\"https:\\\/\\\/schema.org\",\"@graph\":[{\"@type\":\"WebPage\",\"@id\":\"https:\\\/\\\/turomas.com\\\/de\\\/wartung\\\/\",\"url\":\"https:\\\/\\\/turomas.com\\\/de\\\/wartung\\\/\",\"name\":\"Wartung - Turomas DE\",\"isPartOf\":{\"@id\":\"https:\\\/\\\/turomas.com\\\/de\\\/#website\"},\"datePublished\":\"2026-05-11T07:10:30+00:00\",\"dateModified\":\"2026-05-11T07:15:45+00:00\",\"breadcrumb\":{\"@id\":\"https:\\\/\\\/turomas.com\\\/de\\\/wartung\\\/#breadcrumb\"},\"inLanguage\":\"de\",\"potentialAction\":[{\"@type\":\"ReadAction\",\"target\":[\"https:\\\/\\\/turomas.com\\\/de\\\/wartung\\\/\"]}]},{\"@type\":\"BreadcrumbList\",\"@id\":\"https:\\\/\\\/turomas.com\\\/de\\\/wartung\\\/#breadcrumb\",\"itemListElement\":[{\"@type\":\"ListItem\",\"position\":1,\"name\":\"Portada\",\"item\":\"https:\\\/\\\/turomas.com\\\/de\\\/\"},{\"@type\":\"ListItem\",\"position\":2,\"name\":\"Wartung\"}]},{\"@type\":\"WebSite\",\"@id\":\"https:\\\/\\\/turomas.com\\\/de\\\/#website\",\"url\":\"https:\\\/\\\/turomas.com\\\/de\\\/\",\"name\":\"Turomas DE\",\"description\":\"\",\"publisher\":{\"@id\":\"https:\\\/\\\/turomas.com\\\/de\\\/#organization\"},\"potentialAction\":[{\"@type\":\"SearchAction\",\"target\":{\"@type\":\"EntryPoint\",\"urlTemplate\":\"https:\\\/\\\/turomas.com\\\/de\\\/?s={search_term_string}\"},\"query-input\":{\"@type\":\"PropertyValueSpecification\",\"valueRequired\":true,\"valueName\":\"search_term_string\"}}],\"inLanguage\":\"de\"},{\"@type\":\"Organization\",\"@id\":\"https:\\\/\\\/turomas.com\\\/de\\\/#organization\",\"name\":\"Turomas DE\",\"url\":\"https:\\\/\\\/turomas.com\\\/de\\\/\",\"logo\":{\"@type\":\"ImageObject\",\"inLanguage\":\"de\",\"@id\":\"https:\\\/\\\/turomas.com\\\/de\\\/#\\\/schema\\\/logo\\\/image\\\/\",\"url\":\"https:\\\/\\\/turomas.com\\\/de\\\/wp-content\\\/uploads\\\/2025\\\/07\\\/logo-turomas-header-3.svg\",\"contentUrl\":\"https:\\\/\\\/turomas.com\\\/de\\\/wp-content\\\/uploads\\\/2025\\\/07\\\/logo-turomas-header-3.svg\",\"width\":1,\"height\":1,\"caption\":\"Turomas DE\"},\"image\":{\"@id\":\"https:\\\/\\\/turomas.com\\\/de\\\/#\\\/schema\\\/logo\\\/image\\\/\"}}]}<\/script>\n<!-- \/ Yoast SEO plugin. -->","yoast_head_json":{"title":"Wartung - Turomas DE","robots":{"index":"index","follow":"follow","max-snippet":"max-snippet:-1","max-image-preview":"max-image-preview:large","max-video-preview":"max-video-preview:-1"},"canonical":"https:\/\/turomas.com\/de\/wartung\/","og_locale":"de_DE","og_type":"article","og_title":"Wartung - Turomas DE","og_url":"https:\/\/turomas.com\/de\/wartung\/","og_site_name":"Turomas DE","article_modified_time":"2026-05-11T07:15:45+00:00","twitter_card":"summary_large_image","twitter_misc":{"Gesch\u00e4tzte Lesezeit":"1\u00a0Minute"},"schema":{"@context":"https:\/\/schema.org","@graph":[{"@type":"WebPage","@id":"https:\/\/turomas.com\/de\/wartung\/","url":"https:\/\/turomas.com\/de\/wartung\/","name":"Wartung - Turomas DE","isPartOf":{"@id":"https:\/\/turomas.com\/de\/#website"},"datePublished":"2026-05-11T07:10:30+00:00","dateModified":"2026-05-11T07:15:45+00:00","breadcrumb":{"@id":"https:\/\/turomas.com\/de\/wartung\/#breadcrumb"},"inLanguage":"de","potentialAction":[{"@type":"ReadAction","target":["https:\/\/turomas.com\/de\/wartung\/"]}]},{"@type":"BreadcrumbList","@id":"https:\/\/turomas.com\/de\/wartung\/#breadcrumb","itemListElement":[{"@type":"ListItem","position":1,"name":"Portada","item":"https:\/\/turomas.com\/de\/"},{"@type":"ListItem","position":2,"name":"Wartung"}]},{"@type":"WebSite","@id":"https:\/\/turomas.com\/de\/#website","url":"https:\/\/turomas.com\/de\/","name":"Turomas DE","description":"","publisher":{"@id":"https:\/\/turomas.com\/de\/#organization"},"potentialAction":[{"@type":"SearchAction","target":{"@type":"EntryPoint","urlTemplate":"https:\/\/turomas.com\/de\/?s={search_term_string}"},"query-input":{"@type":"PropertyValueSpecification","valueRequired":true,"valueName":"search_term_string"}}],"inLanguage":"de"},{"@type":"Organization","@id":"https:\/\/turomas.com\/de\/#organization","name":"Turomas DE","url":"https:\/\/turomas.com\/de\/","logo":{"@type":"ImageObject","inLanguage":"de","@id":"https:\/\/turomas.com\/de\/#\/schema\/logo\/image\/","url":"https:\/\/turomas.com\/de\/wp-content\/uploads\/2025\/07\/logo-turomas-header-3.svg","contentUrl":"https:\/\/turomas.com\/de\/wp-content\/uploads\/2025\/07\/logo-turomas-header-3.svg","width":1,"height":1,"caption":"Turomas DE"},"image":{"@id":"https:\/\/turomas.com\/de\/#\/schema\/logo\/image\/"}}]}},"_links":{"self":[{"href":"https:\/\/turomas.com\/de\/wp-json\/wp\/v2\/pages\/6812","targetHints":{"allow":["GET"]}}],"collection":[{"href":"https:\/\/turomas.com\/de\/wp-json\/wp\/v2\/pages"}],"about":[{"href":"https:\/\/turomas.com\/de\/wp-json\/wp\/v2\/types\/page"}],"author":[{"embeddable":true,"href":"https:\/\/turomas.com\/de\/wp-json\/wp\/v2\/users\/1"}],"replies":[{"embeddable":true,"href":"https:\/\/turomas.com\/de\/wp-json\/wp\/v2\/comments?post=6812"}],"version-history":[{"count":1,"href":"https:\/\/turomas.com\/de\/wp-json\/wp\/v2\/pages\/6812\/revisions"}],"predecessor-version":[{"id":6814,"href":"https:\/\/turomas.com\/de\/wp-json\/wp\/v2\/pages\/6812\/revisions\/6814"}],"wp:attachment":[{"href":"https:\/\/turomas.com\/de\/wp-json\/wp\/v2\/media?parent=6812"}],"curies":[{"name":"wp","href":"https:\/\/api.w.org\/{rel}","templated":true}]}}